{"id":547,"date":"2019-06-22T17:35:41","date_gmt":"2019-06-23T00:35:41","guid":{"rendered":"http:\/\/www.tommyandjola.com\/?page_id=547"},"modified":"2020-07-08T18:51:50","modified_gmt":"2020-07-09T01:51:50","slug":"how-to-reserve-a-room-at-goralski-dwor","status":"publish","type":"page","link":"https:\/\/www.tommyandjola.com\/?page_id=547","title":{"rendered":"Reserve a Room at G\u00f3ralski Dw\u00f3r"},"content":{"rendered":"<p><img data-opt-id=838677531  fetchpriority=\"high\" decoding=\"async\" class=\"size-medium wp-image-430 aligncenter\" src=\"https:\/\/mlqdq1bcpa39.i.optimole.com\/w:300\/h:195\/q:mauto\/f:best\/ig:avif\/https:\/\/www.tommyandjola.com\/wp-content\/uploads\/2019\/06\/goralski-dwor.jpg\" alt=\"\" width=\"300\" height=\"195\" srcset=\"https:\/\/mlqdq1bcpa39.i.optimole.com\/w:300\/h:195\/q:mauto\/f:best\/ig:avif\/https:\/\/www.tommyandjola.com\/wp-content\/uploads\/2019\/06\/goralski-dwor.jpg 300w, https:\/\/mlqdq1bcpa39.i.optimole.com\/w:768\/h:500\/q:mauto\/f:best\/ig:avif\/https:\/\/www.tommyandjola.com\/wp-content\/uploads\/2019\/06\/goralski-dwor.jpg 768w, https:\/\/mlqdq1bcpa39.i.optimole.com\/w:1024\/h:667\/q:mauto\/f:best\/ig:avif\/https:\/\/www.tommyandjola.com\/wp-content\/uploads\/2019\/06\/goralski-dwor.jpg 1024w, https:\/\/mlqdq1bcpa39.i.optimole.com\/w:540\/h:352\/q:mauto\/f:best\/ig:avif\/https:\/\/www.tommyandjola.com\/wp-content\/uploads\/2019\/06\/goralski-dwor.jpg 540w, https:\/\/mlqdq1bcpa39.i.optimole.com\/w:1060\/h:690\/q:mauto\/f:best\/ig:avif\/https:\/\/www.tommyandjola.com\/wp-content\/uploads\/2019\/06\/goralski-dwor.jpg 1060w\" sizes=\"(max-width: 300px) 100vw, 300px\" \/><\/p>\n<p><strong>We have arranged for a discounted rates starting at $32USD (120 z\u0142) Per Person, Per Night and includes daily breakfast.<\/strong><\/p>\n<p><strong><span style=\"color: #ff0000;\">NOTE:<\/span><\/strong> This property only has 22 rooms and will sellout quickly due to the close location to Villa Miodula and the Wedding events.<br \/>\nIt is highly recommended if you want to stay here you book as soon as possible.<\/p>\n<p>Most popular arrival dates are Thursday and Friday and most popular departure day is Sunday and Monday.<\/p>\n<hr \/>\n<p><strong><span style=\"color: #ff6600;\">E-mail the hotel directly at:<\/span> <a href=\"mailto:recepcja@goralski-dwor.pl?subject=wesele Joli I Toma\" rel=\"noopener noreferrer\">recepcja@goralski-dwor.pl<\/a><\/strong><\/p>\n<p><strong><em>The subject line will be pre-populated. Do not edit this.<\/em><\/strong><\/p>\n<p><strong>In your email include:<\/strong><\/p>\n<p><strong>Your Name <\/strong><\/p>\n<p><strong>Arrival and Departure dates <\/strong><\/p>\n<p><strong>And any special requests.\u00a0<\/strong><\/p>\n<p><strong>See you in Poland 2021!<\/strong><\/p>\n","protected":false},"excerpt":{"rendered":"<p>We have arranged for a discounted rates starting at $32USD (120 z\u0142) Per Person, Per Night and includes daily breakfast. NOTE: This property only has 22 rooms and will sellout quickly due to the close location to Villa Miodula and the Wedding events. It is highly recommended if you want to stay here you book [&hellip;]<\/p>\n","protected":false},"author":1,"featured_media":0,"parent":0,"menu_order":0,"comment_status":"closed","ping_status":"closed","template":"page-templates\/full-width.php","meta":{"_monsterinsights_skip_tracking":false,"_monsterinsights_sitenote_active":false,"_monsterinsights_sitenote_note":"","_monsterinsights_sitenote_category":0,"footnotes":""},"class_list":["post-547","page","type-page","status-publish","hentry"],"yoast_head":"<!-- This site is optimized with the Yoast SEO plugin v27.5 - https:\/\/yoast.com\/product\/yoast-seo-wordpress\/ -->\n<title>Reserve a Room at G\u00f3ralski Dw\u00f3r - Tom and Jola<\/title>\n<meta name=\"robots\" content=\"index, follow, max-snippet:-1, max-image-preview:large, max-video-preview:-1\" \/>\n<link rel=\"canonical\" href=\"https:\/\/www.tommyandjola.com\/?page_id=547\" \/>\n<meta property=\"og:locale\" content=\"en_US\" \/>\n<meta property=\"og:type\" content=\"article\" \/>\n<meta property=\"og:title\" content=\"Reserve a Room at G\u00f3ralski Dw\u00f3r - Tom and Jola\" \/>\n<meta property=\"og:description\" content=\"We have arranged for a discounted rates starting at $32USD (120 z\u0142) Per Person, Per Night and includes daily breakfast. NOTE: This property only has 22 rooms and will sellout quickly due to the close location to Villa Miodula and the Wedding events. It is highly recommended if you want to stay here you book [&hellip;]\" \/>\n<meta property=\"og:url\" content=\"https:\/\/www.tommyandjola.com\/?page_id=547\" \/>\n<meta property=\"og:site_name\" content=\"Tom and Jola\" \/>\n<meta property=\"article:modified_time\" content=\"2020-07-09T01:51:50+00:00\" \/>\n<meta property=\"og:image\" content=\"https:\/\/mlqdq1bcpa39.i.optimole.com\/w:300\/h:195\/q:mauto\/f:best\/ig:avif\/https:\/\/www.tommyandjola.com\/wp-content\/uploads\/2019\/06\/goralski-dwor.jpg\" \/>\n<meta name=\"twitter:card\" content=\"summary_large_image\" \/>\n<meta name=\"twitter:label1\" content=\"Est. reading time\" \/>\n\t<meta name=\"twitter:data1\" content=\"1 minute\" \/>\n<script type=\"application\/ld+json\" class=\"yoast-schema-graph\">{\"@context\":\"https:\\\/\\\/schema.org\",\"@graph\":[{\"@type\":\"WebPage\",\"@id\":\"https:\\\/\\\/www.tommyandjola.com\\\/?page_id=547\",\"url\":\"https:\\\/\\\/www.tommyandjola.com\\\/?page_id=547\",\"name\":\"Reserve a Room at G\u00f3ralski Dw\u00f3r - Tom and Jola\",\"isPartOf\":{\"@id\":\"https:\\\/\\\/www.tommyandjola.com\\\/#website\"},\"primaryImageOfPage\":{\"@id\":\"https:\\\/\\\/www.tommyandjola.com\\\/?page_id=547#primaryimage\"},\"image\":{\"@id\":\"https:\\\/\\\/www.tommyandjola.com\\\/?page_id=547#primaryimage\"},\"thumbnailUrl\":\"https:\\/\\/www.tommyandjola.com\\/wp-content\\/uploads\\/2019\\/06\\/goralski-dwor-300x195.jpg\",\"datePublished\":\"2019-06-23T00:35:41+00:00\",\"dateModified\":\"2020-07-09T01:51:50+00:00\",\"breadcrumb\":{\"@id\":\"https:\\\/\\\/www.tommyandjola.com\\\/?page_id=547#breadcrumb\"},\"inLanguage\":\"en-US\",\"potentialAction\":[{\"@type\":\"ReadAction\",\"target\":[\"https:\\\/\\\/www.tommyandjola.com\\\/?page_id=547\"]}]},{\"@type\":\"ImageObject\",\"inLanguage\":\"en-US\",\"@id\":\"https:\\\/\\\/www.tommyandjola.com\\\/?page_id=547#primaryimage\",\"url\":\"https:\\/\\/www.tommyandjola.com\\/wp-content\\/uploads\\/2019\\/06\\/goralski-dwor.jpg\",\"contentUrl\":\"https:\\/\\/www.tommyandjola.com\\/wp-content\\/uploads\\/2019\\/06\\/goralski-dwor.jpg\",\"width\":1060,\"height\":690},{\"@type\":\"BreadcrumbList\",\"@id\":\"https:\\\/\\\/www.tommyandjola.com\\\/?page_id=547#breadcrumb\",\"itemListElement\":[{\"@type\":\"ListItem\",\"position\":1,\"name\":\"Home\",\"item\":\"https:\\\/\\\/www.tommyandjola.com\\\/\"},{\"@type\":\"ListItem\",\"position\":2,\"name\":\"Reserve a Room at G\u00f3ralski Dw\u00f3r\"}]},{\"@type\":\"WebSite\",\"@id\":\"https:\\\/\\\/www.tommyandjola.com\\\/#website\",\"url\":\"https:\\\/\\\/www.tommyandjola.com\\\/\",\"name\":\"Tom and Jola\",\"description\":\"Zakopane 14 August 2021\",\"publisher\":{\"@id\":\"https:\\\/\\\/www.tommyandjola.com\\\/#organization\"},\"potentialAction\":[{\"@type\":\"SearchAction\",\"target\":{\"@type\":\"EntryPoint\",\"urlTemplate\":\"https:\\\/\\\/www.tommyandjola.com\\\/?s={search_term_string}\"},\"query-input\":{\"@type\":\"PropertyValueSpecification\",\"valueRequired\":true,\"valueName\":\"search_term_string\"}}],\"inLanguage\":\"en-US\"},{\"@type\":\"Organization\",\"@id\":\"https:\\\/\\\/www.tommyandjola.com\\\/#organization\",\"name\":\"Tommy and Jola Davidson Wedding\",\"url\":\"https:\\\/\\\/www.tommyandjola.com\\\/\",\"logo\":{\"@type\":\"ImageObject\",\"inLanguage\":\"en-US\",\"@id\":\"https:\\\/\\\/www.tommyandjola.com\\\/#\\\/schema\\\/logo\\\/image\\\/\",\"url\":\"https:\\/\\/www.tommyandjola.com\\/wp-content\\/uploads\\/2019\\/02\\/header-logo.png\",\"contentUrl\":\"https:\\/\\/www.tommyandjola.com\\/wp-content\\/uploads\\/2019\\/02\\/header-logo.png\",\"width\":50,\"height\":50,\"caption\":\"Tommy and Jola Davidson Wedding\"},\"image\":{\"@id\":\"https:\\\/\\\/www.tommyandjola.com\\\/#\\\/schema\\\/logo\\\/image\\\/\"}}]}<\/script>\n<!-- \/ Yoast SEO plugin. -->","yoast_head_json":{"title":"Reserve a Room at G\u00f3ralski Dw\u00f3r - Tom and Jola","robots":{"index":"index","follow":"follow","max-snippet":"max-snippet:-1","max-image-preview":"max-image-preview:large","max-video-preview":"max-video-preview:-1"},"canonical":"https:\/\/www.tommyandjola.com\/?page_id=547","og_locale":"en_US","og_type":"article","og_title":"Reserve a Room at G\u00f3ralski Dw\u00f3r - Tom and Jola","og_description":"We have arranged for a discounted rates starting at $32USD (120 z\u0142) Per Person, Per Night and includes daily breakfast. NOTE: This property only has 22 rooms and will sellout quickly due to the close location to Villa Miodula and the Wedding events. It is highly recommended if you want to stay here you book [&hellip;]","og_url":"https:\/\/www.tommyandjola.com\/?page_id=547","og_site_name":"Tom and Jola","article_modified_time":"2020-07-09T01:51:50+00:00","og_image":[{"url":"https:\/\/mlqdq1bcpa39.i.optimole.com\/w:300\/h:195\/q:mauto\/f:best\/ig:avif\/https:\/\/www.tommyandjola.com\/wp-content\/uploads\/2019\/06\/goralski-dwor.jpg","type":"","width":"","height":""}],"twitter_card":"summary_large_image","twitter_misc":{"Est. reading time":"1 minute"},"schema":{"@context":"https:\/\/schema.org","@graph":[{"@type":"WebPage","@id":"https:\/\/www.tommyandjola.com\/?page_id=547","url":"https:\/\/www.tommyandjola.com\/?page_id=547","name":"Reserve a Room at G\u00f3ralski Dw\u00f3r - Tom and Jola","isPartOf":{"@id":"https:\/\/www.tommyandjola.com\/#website"},"primaryImageOfPage":{"@id":"https:\/\/www.tommyandjola.com\/?page_id=547#primaryimage"},"image":{"@id":"https:\/\/www.tommyandjola.com\/?page_id=547#primaryimage"},"thumbnailUrl":"https:\/\/mlqdq1bcpa39.i.optimole.com\/w:300\/h:195\/q:mauto\/f:best\/ig:avif\/https:\/\/www.tommyandjola.com\/wp-content\/uploads\/2019\/06\/goralski-dwor.jpg","datePublished":"2019-06-23T00:35:41+00:00","dateModified":"2020-07-09T01:51:50+00:00","breadcrumb":{"@id":"https:\/\/www.tommyandjola.com\/?page_id=547#breadcrumb"},"inLanguage":"en-US","potentialAction":[{"@type":"ReadAction","target":["https:\/\/www.tommyandjola.com\/?page_id=547"]}]},{"@type":"ImageObject","inLanguage":"en-US","@id":"https:\/\/www.tommyandjola.com\/?page_id=547#primaryimage","url":"https:\/\/mlqdq1bcpa39.i.optimole.com\/w:auto\/h:auto\/q:mauto\/f:best\/ig:avif\/https:\/\/www.tommyandjola.com\/wp-content\/uploads\/2019\/06\/goralski-dwor.jpg","contentUrl":"https:\/\/mlqdq1bcpa39.i.optimole.com\/w:auto\/h:auto\/q:mauto\/f:best\/ig:avif\/https:\/\/www.tommyandjola.com\/wp-content\/uploads\/2019\/06\/goralski-dwor.jpg","width":1060,"height":690},{"@type":"BreadcrumbList","@id":"https:\/\/www.tommyandjola.com\/?page_id=547#breadcrumb","itemListElement":[{"@type":"ListItem","position":1,"name":"Home","item":"https:\/\/www.tommyandjola.com\/"},{"@type":"ListItem","position":2,"name":"Reserve a Room at G\u00f3ralski Dw\u00f3r"}]},{"@type":"WebSite","@id":"https:\/\/www.tommyandjola.com\/#website","url":"https:\/\/www.tommyandjola.com\/","name":"Tom and Jola","description":"Zakopane 14 August 2021","publisher":{"@id":"https:\/\/www.tommyandjola.com\/#organization"},"potentialAction":[{"@type":"SearchAction","target":{"@type":"EntryPoint","urlTemplate":"https:\/\/www.tommyandjola.com\/?s={search_term_string}"},"query-input":{"@type":"PropertyValueSpecification","valueRequired":true,"valueName":"search_term_string"}}],"inLanguage":"en-US"},{"@type":"Organization","@id":"https:\/\/www.tommyandjola.com\/#organization","name":"Tommy and Jola Davidson Wedding","url":"https:\/\/www.tommyandjola.com\/","logo":{"@type":"ImageObject","inLanguage":"en-US","@id":"https:\/\/www.tommyandjola.com\/#\/schema\/logo\/image\/","url":"https:\/\/mlqdq1bcpa39.i.optimole.com\/w:auto\/h:auto\/q:mauto\/f:best\/ig:avif\/https:\/\/www.tommyandjola.com\/wp-content\/uploads\/2019\/02\/header-logo.png","contentUrl":"https:\/\/mlqdq1bcpa39.i.optimole.com\/w:auto\/h:auto\/q:mauto\/f:best\/ig:avif\/https:\/\/www.tommyandjola.com\/wp-content\/uploads\/2019\/02\/header-logo.png","width":50,"height":50,"caption":"Tommy and Jola Davidson Wedding"},"image":{"@id":"https:\/\/www.tommyandjola.com\/#\/schema\/logo\/image\/"}}]}},"_links":{"self":[{"href":"https:\/\/www.tommyandjola.com\/index.php?rest_route=\/wp\/v2\/pages\/547","targetHints":{"allow":["GET"]}}],"collection":[{"href":"https:\/\/www.tommyandjola.com\/index.php?rest_route=\/wp\/v2\/pages"}],"about":[{"href":"https:\/\/www.tommyandjola.com\/index.php?rest_route=\/wp\/v2\/types\/page"}],"author":[{"embeddable":true,"href":"https:\/\/www.tommyandjola.com\/index.php?rest_route=\/wp\/v2\/users\/1"}],"replies":[{"embeddable":true,"href":"https:\/\/www.tommyandjola.com\/index.php?rest_route=%2Fwp%2Fv2%2Fcomments&post=547"}],"version-history":[{"count":15,"href":"https:\/\/www.tommyandjola.com\/index.php?rest_route=\/wp\/v2\/pages\/547\/revisions"}],"predecessor-version":[{"id":956,"href":"https:\/\/www.tommyandjola.com\/index.php?rest_route=\/wp\/v2\/pages\/547\/revisions\/956"}],"wp:attachment":[{"href":"https:\/\/www.tommyandjola.com\/index.php?rest_route=%2Fwp%2Fv2%2Fmedia&parent=547"}],"curies":[{"name":"wp","href":"https:\/\/api.w.org\/{rel}","templated":true}]}}